{"id":2,"date":"2024-09-15T17:50:59","date_gmt":"2024-09-15T09:50:59","guid":{"rendered":"https:\/\/aluminiumnitride.com\/?page_id=2"},"modified":"2024-09-15T17:50:59","modified_gmt":"2024-09-15T09:50:59","slug":"faqe-shembull","status":"publish","type":"page","link":"https:\/\/aluminiumnitride.com\/sq\/faqe-shembull\/","title":{"rendered":"Faqe shembulli"},"content":{"rendered":"<p>Kjo \u00ebsht\u00eb nj\u00eb faqe shembull. Faqet ndryshojn\u00eb nga postimet n\u00eb blog; ato kan\u00eb nj\u00eb vend t\u00eb fikse dhe zakonisht shfaqen n\u00eb menun\u00eb e navigimit t\u00eb faqes. Shum\u00eb p\u00ebrdorues krijojn\u00eb nj\u00eb faqe \u201cRreth meje\u201d p\u00ebr t'u prezantuar vizitor\u00ebve. P\u00ebr shembull:<\/p>\n\n\n\n<blockquote class=\"wp-block-quote is-layout-flow wp-block-quote-is-layout-flow\"><p>P\u00ebrsh\u00ebndetje t\u00eb gjith\u00ebve! Un\u00eb jam postier gjat\u00eb dit\u00ebs dhe aktor ambicioz nat\u00ebn. Kjo \u00ebsht\u00eb faqja ime n\u00eb internet. Un\u00eb jetoj n\u00eb Pekin, kam nj\u00eb qen gjethe t\u00eb zeza me sjellje njer\u00ebzore q\u00eb e quaj \"Xiao Hei\", dhe m\u00eb p\u00eblqejn\u00eb arti dhe udh\u00ebtimet.<\/p><\/blockquote>\n\n\n\n<p>\u2026\u2026ose ky:<\/p>\n\n\n\n<blockquote class=\"wp-block-quote is-layout-flow wp-block-quote-is-layout-flow\"><p>Kompania XYZ Doohickey u themelua n\u00eb vitin 1971. Q\u00eb nga themelimi, ne kemi kontribuar n\u00eb shoq\u00ebri me doohickies t\u00eb shk\u00eblqyer. Selia jon\u00eb ndodhet n\u00eb kryeqytetin e madh t\u00eb Qiit, me m\u00eb shum\u00eb se dy mij\u00eb punonj\u00ebs, duke dh\u00ebn\u00eb nj\u00eb kontribut t\u00eb jasht\u00ebzakonsh\u00ebm n\u00eb t\u00eb ardhurat tatimore t\u00eb qeveris\u00eb s\u00eb k\u00ebtij qyteti.<\/p><\/blockquote>\n\n\n\n<p>Nd\u00ebrsa ju, si nj\u00eb p\u00ebrdorues i ri i WordPress, ju sugjerojm\u00eb t\u00eb shkoni te<a href=\"https:\/\/aluminiumnitride.com\/wp-admin\/\">Paneli i kontrollit i faqes suaj<\/a>,fshini k\u00ebt\u00eb faqe, pastaj krijoni nj\u00eb faqe t\u00eb re me p\u00ebrmbajtjen tuaj. Ju uroj p\u00ebrdorim t\u00eb k\u00ebndsh\u00ebm!<\/p>","protected":false},"excerpt":{"rendered":"<p>Kjo \u00ebsht\u00eb faqja e demonstrimit. Faqet ndryshojn\u00eb nga postimet n\u00eb blog; pozicioni i tyre \u00ebsht\u00eb i fiks\u00ebt dhe zakonisht shfaqen n\u00eb menun\u00eb e navigimit t\u00eb faqes. Shum\u00eb p\u00ebrdorues krijojn\u00eb nj\u00eb faqe \u201cRreth meje\u201d p\u00ebr t'u prezantuar vizitor\u00ebve. P\u00ebr shembull:   P\u00ebrsh\u00ebndetje t\u00eb gjith\u00ebve! Un\u00eb jam postier gjat\u00eb dit\u00ebs dhe aktor ambicioz nat\u00ebn. Kjo \u00ebsht\u00eb faqja ime. Un\u00eb jetoj n\u00eb Pekin, kam nj\u00eb qen gintong me natyr\u00eb njer\u00ebzore q\u00eb e quaj \"I Vogli i Zi\", dhe m\u00eb p\u00eblqen arti dhe udh\u00ebtimet.   \u2026ose k\u00ebshtu:  Kompania XYZ Doohickey u themelua n\u00eb vitin 1971. Q\u00eb nga themelimi, ne kemi kontribuar n\u00eb shoq\u00ebri me doohickies t\u00eb shk\u00eblqyera. Selia jon\u00eb ndodhet n\u00eb kryeqytetin magjik t\u00eb Qiellit, me m\u00eb shum\u00eb se dy mij\u00eb punonj\u00ebs, duke dh\u00ebn\u00eb nj\u00eb kontribut t\u00eb madh n\u00eb t\u00eb ardhurat tatimore t\u00eb qeveris\u00eb s\u00eb magjis\u00eb.  Nd\u00ebrsa ju, si nj\u00eb p\u00ebrdorues i ri i WordPress, ju sugjerojm\u00eb t\u00eb shkoni te paneli i kontrollit t\u00eb faqes suaj, t\u00eb fshini k\u00ebt\u00eb faqe dhe t\u00eb krijoni nj\u00eb faqe t\u00eb re me p\u00ebrmbajtjen tuaj. Ju urojm\u00eb p\u00ebrdorim t\u00eb k\u00ebndsh\u00ebm!<\/p>","protected":false},"author":1,"featured_media":0,"parent":0,"menu_order":0,"comment_status":"closed","ping_status":"open","template":"","meta":{"_seopress_robots_primary_cat":"","_seopress_titles_title":"","_seopress_titles_desc":"","_seopress_robots_index":"","site-sidebar-layout":"default","site-content-layout":"","ast-site-content-layout":"","site-content-style":"default","site-sidebar-style":"default","ast-global-header-display":"","ast-banner-title-visibility":"","ast-main-header-display":"","ast-hfb-above-header-display":"","ast-hfb-below-header-display":"","ast-hfb-mobile-header-display":"","site-post-title":"","ast-breadcrumbs-content":"","ast-featured-img":"","footer-sml-layout":"","theme-transparent-header-meta":"","adv-header-id-meta":"","stick-header-meta":"","header-above-stick-meta":"","header-main-stick-meta":"","header-below-stick-meta":"","astra-migrate-meta-layouts":"default","ast-page-background-enabled":"default","ast-page-background-meta":{"desktop":{"background-color":"var(--ast-global-color-4)","background-image":"","background-repeat":"repeat","background-position":"center center","background-size":"auto","background-attachment":"scroll","background-type":"","background-media":"","overlay-type":"","overlay-color":"","overlay-opacity":"","overlay-gradient":""},"tablet":{"background-color":"","background-image":"","background-repeat":"repeat","background-position":"center center","background-size":"auto","background-attachment":"scroll","background-type":"","background-media":"","overlay-type":"","overlay-color":"","overlay-opacity":"","overlay-gradient":""},"mobile":{"background-color":"","background-image":"","background-repeat":"repeat","background-position":"center center","background-size":"auto","background-attachment":"scroll","background-type":"","background-media":"","overlay-type":"","overlay-color":"","overlay-opacity":"","overlay-gradient":""}},"ast-content-background-meta":{"desktop":{"background-color":"var(--ast-global-color-5)","background-image":"","background-repeat":"repeat","background-position":"center center","background-size":"auto","background-attachment":"scroll","background-type":"","background-media":"","overlay-type":"","overlay-color":"","overlay-opacity":"","overlay-gradient":""},"tablet":{"background-color":"var(--ast-global-color-5)","background-image":"","background-repeat":"repeat","background-position":"center center","background-size":"auto","background-attachment":"scroll","background-type":"","background-media":"","overlay-type":"","overlay-color":"","overlay-opacity":"","overlay-gradient":""},"mobile":{"background-color":"var(--ast-global-color-5)","background-image":"","background-repeat":"repeat","background-position":"center center","background-size":"auto","background-attachment":"scroll","background-type":"","background-media":"","overlay-type":"","overlay-color":"","overlay-opacity":"","overlay-gradient":""}},"footnotes":""},"class_list":["post-2","page","type-page","status-publish","hentry"],"_links":{"self":[{"href":"https:\/\/aluminiumnitride.com\/sq\/wp-json\/wp\/v2\/pages\/2","targetHints":{"allow":["GET"]}}],"collection":[{"href":"https:\/\/aluminiumnitride.com\/sq\/wp-json\/wp\/v2\/pages"}],"about":[{"href":"https:\/\/aluminiumnitride.com\/sq\/wp-json\/wp\/v2\/types\/page"}],"author":[{"embeddable":true,"href":"https:\/\/aluminiumnitride.com\/sq\/wp-json\/wp\/v2\/users\/1"}],"replies":[{"embeddable":true,"href":"https:\/\/aluminiumnitride.com\/sq\/wp-json\/wp\/v2\/comments?post=2"}],"version-history":[{"count":0,"href":"https:\/\/aluminiumnitride.com\/sq\/wp-json\/wp\/v2\/pages\/2\/revisions"}],"wp:attachment":[{"href":"https:\/\/aluminiumnitride.com\/sq\/wp-json\/wp\/v2\/media?parent=2"}],"curies":[{"name":"wp","href":"https:\/\/api.w.org\/{rel}","templated":true}]}}